{"id":3815,"date":"2021-03-24T16:55:56","date_gmt":"2021-03-24T16:55:56","guid":{"rendered":"https:\/\/www.christ-corporate.com\/corporate-social-responsibility\/"},"modified":"2025-06-09T17:04:53","modified_gmt":"2025-06-09T17:04:53","slug":"corporate-social-responsibility","status":"publish","type":"page","link":"https:\/\/www.christ-corporate.com\/en\/corporate-social-responsibility\/","title":{"rendered":"Corporate Social Responsibility"},"content":{"rendered":"<div data-elementor-type=\"wp-page\" data-elementor-id=\"3815\" class=\"elementor elementor-3815 elementor-1456\" data-elementor-post-type=\"page\">\n\t\t\t\t\t\t<section class=\"elementor-section elementor-top-section elementor-element elementor-element-c0143a0 elementor-section-full_width elementor-section-height-min-height elementor-section-items-bottom elementor-section-content-bottom elementor-section-height-default\" data-id=\"c0143a0\" data-element_type=\"section\" data-settings=\"{&quot;background_background&quot;:&quot;classic&quot;}\">\n\t\t\t\t\t\t\t<div class=\"elementor-background-overlay\"><\/div>\n\t\t\t\t\t\t\t<div class=\"elementor-container elementor-column-gap-default\">\n\t\t\t\t\t<div class=\"elementor-column elementor-col-100 elementor-top-column elementor-element elementor-element-b00a1c4\" data-id=\"b00a1c4\" data-element_type=\"column\" data-settings=\"{&quot;background_background&quot;:&quot;classic&quot;}\">\n\t\t\t<div class=\"elementor-widget-wrap elementor-element-populated\">\n\t\t\t\t\t<div class=\"elementor-background-overlay\"><\/div>\n\t\t\t\t\t\t<div class=\"elementor-element elementor-element-46fd5c6 elementor-widget elementor-widget-heading\" data-id=\"46fd5c6\" data-element_type=\"widget\" data-widget_type=\"heading.default\">\n\t\t\t\t<div class=\"elementor-widget-container\">\n\t\t\t\t\t<h1 class=\"elementor-heading-title elementor-size-default\">Wir legen Wert auf <strong>CSR<\/strong><\/h1>\t\t\t\t<\/div>\n\t\t\t\t<\/div>\n\t\t\t\t\t<\/div>\n\t\t<\/div>\n\t\t\t\t\t<\/div>\n\t\t<\/section>\n\t\t\t\t<section class=\"elementor-section elementor-top-section elementor-element elementor-element-88d89f6 elementor-section-content-middle elementor-section-boxed elementor-section-height-default elementor-section-height-default\" data-id=\"88d89f6\" data-element_type=\"section\" data-settings=\"{&quot;background_background&quot;:&quot;classic&quot;}\">\n\t\t\t\t\t\t<div class=\"elementor-container elementor-column-gap-no\">\n\t\t\t\t\t<div class=\"elementor-column elementor-col-100 elementor-top-column elementor-element elementor-element-117d103\" data-id=\"117d103\" data-element_type=\"column\" data-settings=\"{&quot;background_background&quot;:&quot;classic&quot;}\">\n\t\t\t<div class=\"elementor-widget-wrap elementor-element-populated\">\n\t\t\t\t\t\t<div class=\"elementor-element elementor-element-be5ff27 elementor-widget elementor-widget-heading\" data-id=\"be5ff27\" data-element_type=\"widget\" data-widget_type=\"heading.default\">\n\t\t\t\t<div class=\"elementor-widget-container\">\n\t\t\t\t\t<h2 class=\"elementor-heading-title elementor-size-large\"><strong>CHRIST:<\/strong> Gemeinsam engagieren.<\/h2>\t\t\t\t<\/div>\n\t\t\t\t<\/div>\n\t\t\t\t<section class=\"elementor-section elementor-inner-section elementor-element elementor-element-2b6de85 elementor-section-boxed elementor-section-height-default elementor-section-height-default\" data-id=\"2b6de85\" data-element_type=\"section\">\n\t\t\t\t\t\t<div class=\"elementor-container elementor-column-gap-default\">\n\t\t\t\t\t<div class=\"elementor-column elementor-col-50 elementor-inner-column elementor-element elementor-element-91b802d\" data-id=\"91b802d\" data-element_type=\"column\">\n\t\t\t<div class=\"elementor-widget-wrap elementor-element-populated\">\n\t\t\t\t\t\t<div class=\"elementor-element elementor-element-279a0c8 elementor-widget__width-auto elementor-widget elementor-widget-image\" data-id=\"279a0c8\" data-element_type=\"widget\" data-widget_type=\"image.default\">\n\t\t\t\t<div class=\"elementor-widget-container\">\n\t\t\t\t\t\t\t\t\t\t\t\t\t\t\t<img fetchpriority=\"high\" decoding=\"async\" width=\"450\" height=\"300\" src=\"https:\/\/www.christ-corporate.com\/wp-content\/uploads\/2021\/09\/CSR_Strategien_Grafik_02.svg\" class=\"attachment-full size-full wp-image-3788\" alt=\"\" \/>\t\t\t\t\t\t\t\t\t\t\t\t\t\t\t<\/div>\n\t\t\t\t<\/div>\n\t\t\t\t\t<\/div>\n\t\t<\/div>\n\t\t\t\t<div class=\"elementor-column elementor-col-50 elementor-inner-column elementor-element elementor-element-09452e8\" data-id=\"09452e8\" data-element_type=\"column\">\n\t\t\t<div class=\"elementor-widget-wrap elementor-element-populated\">\n\t\t\t\t\t\t<div class=\"elementor-element elementor-element-cbec5e2 elementor-widget elementor-widget-text-editor\" data-id=\"cbec5e2\" data-element_type=\"widget\" data-widget_type=\"text-editor.default\">\n\t\t\t\t<div class=\"elementor-widget-container\">\n\t\t\t\t\t\t\t\t\t<p>Ein wichtiger Baustein des Wertesystems der CHRIST-Gruppe ist die aktive und verantwortungsvolle Mitgestaltung der Zukunft durch alle unsere Mitarbeiter:innen. Daher ist die gemeinschaftliche Verantwortung fest in der CHRIST DNA verankert. So \u00fcbernehmen wir Verantwortung \u00fcber unsere Kundenbeziehungen hinaus \u2013 gegen\u00fcber unseren Kolleg:innen, Gesch\u00e4ftspartner:innen sowie auf gesamtgesellschaftlicher Ebene.<\/p><p>Wir sind davon \u00fcberzeugt, dass wir gemeinsam noch viel mehr f\u00fcr unsere Zukunft erreichen und gemeinsam einen noch wertvolleren Beitrag f\u00fcr unsere Gesellschaft, f\u00fcr unseren Planeten und f\u00fcr die Wirtschaft leisten k\u00f6nnen.<\/p>\t\t\t\t\t\t\t\t<\/div>\n\t\t\t\t<\/div>\n\t\t\t\t\t<\/div>\n\t\t<\/div>\n\t\t\t\t\t<\/div>\n\t\t<\/section>\n\t\t\t\t<div class=\"elementor-element elementor-element-8db8f9d elementor-widget elementor-widget-text-editor\" data-id=\"8db8f9d\" data-element_type=\"widget\" data-widget_type=\"text-editor.default\">\n\t\t\t\t<div class=\"elementor-widget-container\">\n\t\t\t\t\t\t\t\t\t<p><span style=\"font-family: var( --e-global-typography-text-font-family ), Arial, Sans-serif; font-size: var( --e-global-typography-text-font-size ); font-weight: var( --e-global-typography-text-font-weight );\">Um diesen Gedanken intern bei CHRIST zu st\u00e4rken, haben wir ein abteilungs\u00fcbergreifendes interdisziplin\u00e4res Team im Rahmen des CSR-Boards zusammengestellt und treiben so die Umsetzung von CSR-Ma\u00dfnahmen voran.<\/span><\/p>\t\t\t\t\t\t\t\t<\/div>\n\t\t\t\t<\/div>\n\t\t\t\t\t<\/div>\n\t\t<\/div>\n\t\t\t\t\t<\/div>\n\t\t<\/section>\n\t\t\t\t<section class=\"elementor-section elementor-top-section elementor-element elementor-element-b7b6dfe elementor-section-boxed elementor-section-height-default elementor-section-height-default\" data-id=\"b7b6dfe\" data-element_type=\"section\">\n\t\t\t\t\t\t<div class=\"elementor-container elementor-column-gap-default\">\n\t\t\t\t\t<div class=\"elementor-column elementor-col-100 elementor-top-column elementor-element elementor-element-18f9dde\" data-id=\"18f9dde\" data-element_type=\"column\">\n\t\t\t<div class=\"elementor-widget-wrap elementor-element-populated\">\n\t\t\t\t\t\t<div class=\"elementor-element elementor-element-5798aae elementor-widget elementor-widget-heading\" data-id=\"5798aae\" data-element_type=\"widget\" data-widget_type=\"heading.default\">\n\t\t\t\t<div class=\"elementor-widget-container\">\n\t\t\t\t\t<h2 class=\"elementor-heading-title elementor-size-default\">Die drei S\u00e4ulen unseres Leitgedanken<\/h2>\t\t\t\t<\/div>\n\t\t\t\t<\/div>\n\t\t\t\t<div class=\"elementor-element elementor-element-8b79df6 elementor-widget elementor-widget-text-editor\" data-id=\"8b79df6\" data-element_type=\"widget\" data-widget_type=\"text-editor.default\">\n\t\t\t\t<div class=\"elementor-widget-container\">\n\t\t\t\t\t\t\t\t\t<p style=\"text-align: center;\">Unter unserem Leitgedanken \u201eGemeinsam engagieren\u201c basiert<br \/>unser Nachhaltigkeitsbestreben auf den folgenden drei tragenden S\u00e4ulen:<\/p>\t\t\t\t\t\t\t\t<\/div>\n\t\t\t\t<\/div>\n\t\t\t\t<section class=\"elementor-section elementor-inner-section elementor-element elementor-element-e5faa0b elementor-section-boxed elementor-section-height-default elementor-section-height-default\" data-id=\"e5faa0b\" data-element_type=\"section\">\n\t\t\t\t\t\t<div class=\"elementor-container elementor-column-gap-default\">\n\t\t\t\t\t<div class=\"elementor-column elementor-col-33 elementor-inner-column elementor-element elementor-element-b97a0a3\" data-id=\"b97a0a3\" data-element_type=\"column\" data-settings=\"{&quot;background_background&quot;:&quot;classic&quot;}\">\n\t\t\t<div class=\"elementor-widget-wrap elementor-element-populated\">\n\t\t\t\t\t\t<div class=\"elementor-element elementor-element-6121674 elementor-widget elementor-widget-text-editor\" data-id=\"6121674\" data-element_type=\"widget\" data-widget_type=\"text-editor.default\">\n\t\t\t\t<div class=\"elementor-widget-container\">\n\t\t\t\t\t\t\t\t\t<p>Gesellschaft &amp; Soziales: Gemeinsam unterst\u00fctzen.<\/p>\t\t\t\t\t\t\t\t<\/div>\n\t\t\t\t<\/div>\n\t\t\t\t<div class=\"elementor-element elementor-element-db1c1f8 elementor-widget elementor-widget-text-editor\" data-id=\"db1c1f8\" data-element_type=\"widget\" data-widget_type=\"text-editor.default\">\n\t\t\t\t<div class=\"elementor-widget-container\">\n\t\t\t\t\t\t\t\t\t<p>Wir engagieren uns karitativ \u00fcber gesellschaftliche Erwartungen hinaus und binden Kund:innen aktiv in dieses Engagement ein. \u00dcber verschiedene Spendenaktionen k\u00f6nnen sie in den CHRIST-Stores und Online einen Beitrag leisten.<\/p><p>Diversit\u00e4t und Gleichberechtigung sind essenzielle Bestandteile unseres Wertesystems. Wir unterst\u00fctzen aktiv Menschenrechte und fordern und erwarten dies auch von unseren Partner:innen, beispielsweise \u00fcber unseren Code of Conduct.<\/p>\t\t\t\t\t\t\t\t<\/div>\n\t\t\t\t<\/div>\n\t\t\t\t\t<\/div>\n\t\t<\/div>\n\t\t\t\t<div class=\"elementor-column elementor-col-33 elementor-inner-column elementor-element elementor-element-aa1d81d\" data-id=\"aa1d81d\" data-element_type=\"column\" data-settings=\"{&quot;background_background&quot;:&quot;classic&quot;}\">\n\t\t\t<div class=\"elementor-widget-wrap elementor-element-populated\">\n\t\t\t\t\t\t<div class=\"elementor-element elementor-element-c6edad2 elementor-widget elementor-widget-text-editor\" data-id=\"c6edad2\" data-element_type=\"widget\" data-widget_type=\"text-editor.default\">\n\t\t\t\t<div class=\"elementor-widget-container\">\n\t\t\t\t\t\t\t\t\t<p>Planet &amp; Umwelt: <br \/>Gemeinsam sch\u00fctzen.<\/p>\t\t\t\t\t\t\t\t<\/div>\n\t\t\t\t<\/div>\n\t\t\t\t<div class=\"elementor-element elementor-element-f7da259 elementor-widget elementor-widget-text-editor\" data-id=\"f7da259\" data-element_type=\"widget\" data-widget_type=\"text-editor.default\">\n\t\t\t\t<div class=\"elementor-widget-container\">\n\t\t\t\t\t\t\t\t\t<p>Wir arbeiten kontinuierlich daran, unsere Energieeffizienz gruppenweit in unserer Zentrale, Logistik und unseren Stores zu optimieren. So setzen wir beispielsweise in einem Gro\u00dfteil unserer CHRIST- und BRINCKMANN &amp; LANGE-Stores bereits jetzt Energiesparlampen ein und verwenden wiederverwendbare Materialien. Dar\u00fcber hinaus reduzieren wir zunehmend unseren Papierverbrauch durch Einsatz fortschreitender Digitalisierung in allen Gesch\u00e4ftsbereichen.<\/p><p>Bei unseren Eigenmarken legen wir besonders gro\u00dfen Wert auf das Recycling von Altware und die gezielte Wiederverwertung von Edelmetallen.<\/p>\t\t\t\t\t\t\t\t<\/div>\n\t\t\t\t<\/div>\n\t\t\t\t\t<\/div>\n\t\t<\/div>\n\t\t\t\t<div class=\"elementor-column elementor-col-33 elementor-inner-column elementor-element elementor-element-4d445ee\" data-id=\"4d445ee\" data-element_type=\"column\" data-settings=\"{&quot;background_background&quot;:&quot;classic&quot;}\">\n\t\t\t<div class=\"elementor-widget-wrap elementor-element-populated\">\n\t\t\t\t\t\t<div class=\"elementor-element elementor-element-719baa4 elementor-widget elementor-widget-text-editor\" data-id=\"719baa4\" data-element_type=\"widget\" data-widget_type=\"text-editor.default\">\n\t\t\t\t<div class=\"elementor-widget-container\">\n\t\t\t\t\t\t\t\t\t<p>\u00d6konomie &amp; Gesetze: Gemeinsam <br \/>handeln.<\/p>\t\t\t\t\t\t\t\t<\/div>\n\t\t\t\t<\/div>\n\t\t\t\t<div class=\"elementor-element elementor-element-e597c11 elementor-widget elementor-widget-text-editor\" data-id=\"e597c11\" data-element_type=\"widget\" data-widget_type=\"text-editor.default\">\n\t\t\t\t<div class=\"elementor-widget-container\">\n\t\t\t\t\t\t\t\t\t<p>Wir alle handeln, als w\u00e4re es unser CHRIST. Das bedeutet, dass wir alle eine nachhaltige und verantwortungsvolle Unternehmensf\u00fchrung leben.<\/p><p>Wir stellen h\u00f6chste Anforderungen auch an unsere Lieferanten. So arbeiten wir ausschlie\u00dflich mit Diamant-Lieferanten zusammen, die den Kimberley-Prozess einhalten.<\/p><p>Auf diesem Wege stellen wir sicher, dass die Diamanten aus legalem Handel und konfliktfreien Regionen stammen.<\/p>\t\t\t\t\t\t\t\t<\/div>\n\t\t\t\t<\/div>\n\t\t\t\t\t<\/div>\n\t\t<\/div>\n\t\t\t\t\t<\/div>\n\t\t<\/section>\n\t\t\t\t\t<\/div>\n\t\t<\/div>\n\t\t\t\t\t<\/div>\n\t\t<\/section>\n\t\t\t\t<section class=\"elementor-section elementor-top-section elementor-element elementor-element-63fbb87 elementor-section-content-middle elementor-section-boxed elementor-section-height-default elementor-section-height-default\" data-id=\"63fbb87\" data-element_type=\"section\" data-settings=\"{&quot;background_background&quot;:&quot;classic&quot;}\">\n\t\t\t\t\t\t<div class=\"elementor-container elementor-column-gap-no\">\n\t\t\t\t\t<div class=\"elementor-column elementor-col-100 elementor-top-column elementor-element elementor-element-c08444a\" data-id=\"c08444a\" data-element_type=\"column\" data-settings=\"{&quot;background_background&quot;:&quot;classic&quot;}\">\n\t\t\t<div class=\"elementor-widget-wrap elementor-element-populated\">\n\t\t\t\t\t\t<div class=\"elementor-element elementor-element-7baa4db elementor-widget elementor-widget-heading\" data-id=\"7baa4db\" data-element_type=\"widget\" data-widget_type=\"heading.default\">\n\t\t\t\t<div class=\"elementor-widget-container\">\n\t\t\t\t\t<h2 class=\"elementor-heading-title elementor-size-large\"><strong>CHRIST:<\/strong> Energiepolitik.<\/h2>\t\t\t\t<\/div>\n\t\t\t\t<\/div>\n\t\t\t\t<section class=\"elementor-section elementor-inner-section elementor-element elementor-element-34eb8b1 elementor-section-boxed elementor-section-height-default elementor-section-height-default\" data-id=\"34eb8b1\" data-element_type=\"section\">\n\t\t\t\t\t\t<div class=\"elementor-container elementor-column-gap-default\">\n\t\t\t\t\t<div class=\"elementor-column elementor-col-100 elementor-inner-column elementor-element elementor-element-478c7fc\" data-id=\"478c7fc\" data-element_type=\"column\">\n\t\t\t<div class=\"elementor-widget-wrap elementor-element-populated\">\n\t\t\t\t\t\t<div class=\"elementor-element elementor-element-edb60ff elementor-widget elementor-widget-text-editor\" data-id=\"edb60ff\" data-element_type=\"widget\" data-widget_type=\"text-editor.default\">\n\t\t\t\t<div class=\"elementor-widget-container\">\n\t\t\t\t\t\t\t\t\t<p>Wir setzen uns aktiv f\u00fcr eine nachhaltige, zukunftsorientierte Energiepolitik ein. Unser Ziel ist es, den Energieverbrauch zu senken, erneuerbare Energien zu f\u00f6rdern und den CO\u2082-Aussto\u00df konsequent zu reduzieren. Dabei legen wir besonderen Wert auf:<\/p><ul><li><strong>Energieeffizienz<\/strong>\u00a0in allen Bereichen unseres Handelns<\/li><li><strong>Transparenz<\/strong>\u00a0bei der Herkunft und Nutzung von Energie<\/li><li><strong>Verantwortung<\/strong>\u00a0gegen\u00fcber Umwelt, Gesellschaft und kommenden Generationen<\/li><\/ul><p>Mit jeder Entscheidung, die wir treffen, tragen wir dazu bei, eine lebenswerte Zukunft zu gestalten.<\/p>\t\t\t\t\t\t\t\t<\/div>\n\t\t\t\t<\/div>\n\t\t\t\t\t<\/div>\n\t\t<\/div>\n\t\t\t\t\t<\/div>\n\t\t<\/section>\n\t\t\t\t<div class=\"elementor-element elementor-element-caa9902 elementor-widget elementor-widget-button\" data-id=\"caa9902\" data-element_type=\"widget\" data-widget_type=\"button.default\">\n\t\t\t\t<div class=\"elementor-widget-container\">\n\t\t\t\t\t\t\t\t\t<div class=\"elementor-button-wrapper\">\n\t\t\t\t\t<a class=\"elementor-button elementor-button-link elementor-size-sm\" href=\"https:\/\/www.christ-corporate.com\/wp-content\/uploads\/2025\/06\/FO-EN-5.2-Energiepolitik-01.1_unsigned.pdf\" id=\"https:\/\/www.christ-corporate.com\/wp-content\/uploads\/2025\/06\/FO-EN-5.2-Energiepolitik-01.1_unsigned.pdf\">\n\t\t\t\t\t\t<span class=\"elementor-button-content-wrapper\">\n\t\t\t\t\t\t\t\t\t<span class=\"elementor-button-text\">Download<\/span>\n\t\t\t\t\t<\/span>\n\t\t\t\t\t<\/a>\n\t\t\t\t<\/div>\n\t\t\t\t\t\t\t\t<\/div>\n\t\t\t\t<\/div>\n\t\t\t\t\t<\/div>\n\t\t<\/div>\n\t\t\t\t\t<\/div>\n\t\t<\/section>\n\t\t\t\t<section class=\"elementor-section elementor-top-section elementor-element elementor-element-e5a96db elementor-section-boxed elementor-section-height-default elementor-section-height-default\" data-id=\"e5a96db\" data-element_type=\"section\">\n\t\t\t\t\t\t<div class=\"elementor-container elementor-column-gap-default\">\n\t\t\t\t\t<div class=\"elementor-column elementor-col-100 elementor-top-column elementor-element elementor-element-76d475c\" data-id=\"76d475c\" data-element_type=\"column\">\n\t\t\t<div class=\"elementor-widget-wrap\">\n\t\t\t\t\t\t\t<\/div>\n\t\t<\/div>\n\t\t\t\t\t<\/div>\n\t\t<\/section>\n\t\t\t\t<\/div>","protected":false},"excerpt":{"rendered":"<p>Wir legen Wert auf CSR CHRIST: Gemeinsam engagieren. Ein wichtiger Baustein des Wertesystems der CHRIST-Gruppe ist die aktive und verantwortungsvolle Mitgestaltung der Zukunft durch alle unsere Mitarbeiter:innen. Daher ist die gemeinschaftliche Verantwortung fest in der CHRIST DNA verankert. So \u00fcbernehmen wir Verantwortung \u00fcber unsere Kundenbeziehungen hinaus \u2013 gegen\u00fcber unseren Kolleg:innen, Gesch\u00e4ftspartner:innen sowie auf gesamtgesellschaftlicher Ebene. [&hellip;]<\/p>\n","protected":false},"author":19,"featured_media":0,"parent":0,"menu_order":0,"comment_status":"closed","ping_status":"closed","template":"","meta":{"_acf_changed":false,"footnotes":""},"class_list":["post-3815","page","type-page","status-publish","hentry"],"acf":[],"_links":{"self":[{"href":"https:\/\/www.christ-corporate.com\/en\/wp-json\/wp\/v2\/pages\/3815","targetHints":{"allow":["GET"]}}],"collection":[{"href":"https:\/\/www.christ-corporate.com\/en\/wp-json\/wp\/v2\/pages"}],"about":[{"href":"https:\/\/www.christ-corporate.com\/en\/wp-json\/wp\/v2\/types\/page"}],"author":[{"embeddable":true,"href":"https:\/\/www.christ-corporate.com\/en\/wp-json\/wp\/v2\/users\/19"}],"replies":[{"embeddable":true,"href":"https:\/\/www.christ-corporate.com\/en\/wp-json\/wp\/v2\/comments?post=3815"}],"version-history":[{"count":5,"href":"https:\/\/www.christ-corporate.com\/en\/wp-json\/wp\/v2\/pages\/3815\/revisions"}],"predecessor-version":[{"id":7080,"href":"https:\/\/www.christ-corporate.com\/en\/wp-json\/wp\/v2\/pages\/3815\/revisions\/7080"}],"wp:attachment":[{"href":"https:\/\/www.christ-corporate.com\/en\/wp-json\/wp\/v2\/media?parent=3815"}],"curies":[{"name":"wp","href":"https:\/\/api.w.org\/{rel}","templated":true}]}}