{"id":3804,"date":"2021-06-18T09:00:02","date_gmt":"2021-06-18T09:00:02","guid":{"rendered":"https:\/\/www.christ-corporate.com\/impressum\/"},"modified":"2024-11-25T19:17:59","modified_gmt":"2024-11-25T19:17:59","slug":"impressum","status":"publish","type":"page","link":"https:\/\/www.christ-corporate.com\/en\/impressum\/","title":{"rendered":"Impressum"},"content":{"rendered":"<div data-elementor-type=\"wp-page\" data-elementor-id=\"3804\" class=\"elementor elementor-3804 elementor-1993\" data-elementor-post-type=\"page\">\n\t\t\t\t\t\t<section class=\"elementor-section elementor-top-section elementor-element elementor-element-76235d9 elementor-section-full_width elementor-section-height-min-height elementor-section-items-bottom elementor-section-content-bottom elementor-section-height-default\" data-id=\"76235d9\" data-element_type=\"section\" data-e-type=\"section\" data-settings=\"{&quot;background_background&quot;:&quot;classic&quot;}\">\n\t\t\t\t\t\t\t<div class=\"elementor-background-overlay\"><\/div>\n\t\t\t\t\t\t\t<div class=\"elementor-container elementor-column-gap-default\">\n\t\t\t\t\t<div class=\"elementor-column elementor-col-100 elementor-top-column elementor-element elementor-element-b074af7\" data-id=\"b074af7\" data-element_type=\"column\" data-e-type=\"column\" data-settings=\"{&quot;background_background&quot;:&quot;classic&quot;}\">\n\t\t\t<div class=\"elementor-widget-wrap elementor-element-populated\">\n\t\t\t\t\t<div class=\"elementor-background-overlay\"><\/div>\n\t\t\t\t\t\t<div class=\"elementor-element elementor-element-04cb5d8 elementor-widget elementor-widget-heading\" data-id=\"04cb5d8\" data-element_type=\"widget\" data-e-type=\"widget\" data-widget_type=\"heading.default\">\n\t\t\t\t<div class=\"elementor-widget-container\">\n\t\t\t\t\t<h1 class=\"elementor-heading-title elementor-size-default\">Unser <strong>Impressum<\/strong><\/h1>\t\t\t\t<\/div>\n\t\t\t\t<\/div>\n\t\t\t\t\t<\/div>\n\t\t<\/div>\n\t\t\t\t\t<\/div>\n\t\t<\/section>\n\t\t\t\t<section class=\"elementor-section elementor-top-section elementor-element elementor-element-d23949c elementor-section-boxed elementor-section-height-default elementor-section-height-default\" data-id=\"d23949c\" data-element_type=\"section\" data-e-type=\"section\">\n\t\t\t\t\t\t<div class=\"elementor-container elementor-column-gap-default\">\n\t\t\t\t\t<div class=\"elementor-column elementor-col-100 elementor-top-column elementor-element elementor-element-e1df92f\" data-id=\"e1df92f\" data-element_type=\"column\" data-e-type=\"column\">\n\t\t\t<div class=\"elementor-widget-wrap elementor-element-populated\">\n\t\t\t\t\t\t<section class=\"elementor-section elementor-inner-section elementor-element elementor-element-3b12776 elementor-section-boxed elementor-section-height-default elementor-section-height-default\" data-id=\"3b12776\" data-element_type=\"section\" data-e-type=\"section\">\n\t\t\t\t\t\t<div class=\"elementor-container elementor-column-gap-default\">\n\t\t\t\t\t<div class=\"elementor-column elementor-col-50 elementor-inner-column elementor-element elementor-element-367eb89\" data-id=\"367eb89\" data-element_type=\"column\" data-e-type=\"column\">\n\t\t\t<div class=\"elementor-widget-wrap elementor-element-populated\">\n\t\t\t\t\t\t<div class=\"elementor-element elementor-element-cdfa03e elementor-widget elementor-widget-heading\" data-id=\"cdfa03e\" data-element_type=\"widget\" data-e-type=\"widget\" data-widget_type=\"heading.default\">\n\t\t\t\t<div class=\"elementor-widget-container\">\n\t\t\t\t\t<h2 class=\"elementor-heading-title elementor-size-default\">CHRIST Juweliere und Uhrmacher seit 1863 GmbH<\/h2>\t\t\t\t<\/div>\n\t\t\t\t<\/div>\n\t\t\t\t<div class=\"elementor-element elementor-element-72a837c elementor-widget elementor-widget-text-editor\" data-id=\"72a837c\" data-element_type=\"widget\" data-e-type=\"widget\" data-widget_type=\"text-editor.default\">\n\t\t\t\t<div class=\"elementor-widget-container\">\n\t\t\t\t\t\t\t\t\t<p><strong>Gesch\u00e4ftsf\u00fchrung<\/strong>:&nbsp;<span class=\"ui-provider ed bjk bbi clb clc cld cle clf clg clh cli clj clk cll clm cln clo clp clq clr cls clt clu clv clw clx cly clz cma cmb cmc cmd cme cmf cmg\" dir=\"ltr\">Dr. Gunnar Binder (Sprecher), Michael Berghoff, Massimo Carraro, Marco Carraro<\/span><br>Kabeler Stra\u00dfe 4<br>58099 Hagen<\/p>\n<p><strong>E-Mail:<\/strong>&nbsp;<a href=\"mailto:info@christ.de\">info@christ.de<\/a><br><strong>Registergericht:<\/strong> Amtsgericht Hagen HRB 3996<br><strong>USt.-ID: <\/strong>DE205499794<\/p>\n<p><strong>Servicenummer<br><\/strong>Tel. 0800 &#8211; 1863 300<br>Erreichbarkeit: Mo-Sa 9-18 h<\/p>\n<h4>Europ\u00e4ische Online-Streitbeilegungs-Plattform<\/h4>\n<p>Ab dem 15. Februar 2016 stellt die EU-Kommission eine Plattform f\u00fcr au\u00dfergerichtliche Streitschlichtung bereit. Verbrauchern gibt dies die M\u00f6glichkeit, Streitigkeiten im Zusammenhang mit ihrer Online-Bestellung zun\u00e4chst ohne die Einschaltung eines Gerichts zu kl\u00e4ren. Die Streitbeilegungs-Plattform ist dann unter dem externen Link&nbsp;<a href=\"https:\/\/webgate.ec.europa.eu\/odr\/main\/index.cfm?event=main.adr.show\">https:\/\/webgate.ec.europa.eu\/odr\/main\/index.cfm?event=main.adr.show&nbsp;<\/a>erreichbar.<\/p>\n<p>Alternative Streitbeilegung in Verbrauchersachen (Verbraucherstreitbeilegungsgesetz &#8211; VSBG):<\/p>\n<p>CHRIST Juweliere und Uhrmacher seit 1863 GmbH nimmt nicht an Streitbeilegungsverfahren vor einer Verbraucherschlichtungsstelle teil.<\/p>\t\t\t\t\t\t\t\t<\/div>\n\t\t\t\t<\/div>\n\t\t\t\t\t<\/div>\n\t\t<\/div>\n\t\t\t\t<div class=\"elementor-column elementor-col-50 elementor-inner-column elementor-element elementor-element-d97ba64\" data-id=\"d97ba64\" data-element_type=\"column\" data-e-type=\"column\">\n\t\t\t<div class=\"elementor-widget-wrap elementor-element-populated\">\n\t\t\t\t\t\t<div class=\"elementor-element elementor-element-3c59182 elementor-widget elementor-widget-spacer\" data-id=\"3c59182\" data-element_type=\"widget\" data-e-type=\"widget\" data-widget_type=\"spacer.default\">\n\t\t\t\t<div class=\"elementor-widget-container\">\n\t\t\t\t\t\t\t<div class=\"elementor-spacer\">\n\t\t\t<div class=\"elementor-spacer-inner\"><\/div>\n\t\t<\/div>\n\t\t\t\t\t\t<\/div>\n\t\t\t\t<\/div>\n\t\t\t\t<div class=\"elementor-element elementor-element-771606e elementor-widget elementor-widget-text-editor\" data-id=\"771606e\" data-element_type=\"widget\" data-e-type=\"widget\" data-widget_type=\"text-editor.default\">\n\t\t\t\t<div class=\"elementor-widget-container\">\n\t\t\t\t\t\t\t\t\t<h4>Konzeption, Design und Umsetzung<\/h4><p><strong>camalot GmbH<\/strong><br \/>Schleddenhofer Weg 14B<br \/>D \u2013 58636 Iserlohn<\/p>\t\t\t\t\t\t\t\t<\/div>\n\t\t\t\t<\/div>\n\t\t\t\t\t<\/div>\n\t\t<\/div>\n\t\t\t\t\t<\/div>\n\t\t<\/section>\n\t\t\t\t\t<\/div>\n\t\t<\/div>\n\t\t\t\t\t<\/div>\n\t\t<\/section>\n\t\t\t\t<\/div>","protected":false},"excerpt":{"rendered":"<p>Unser Impressum CHRIST Juweliere und Uhrmacher seit 1863 GmbH Gesch\u00e4ftsf\u00fchrung:&nbsp;Dr. Gunnar Binder (Sprecher), Michael Berghoff, Massimo Carraro, Marco CarraroKabeler Stra\u00dfe 458099 Hagen E-Mail:&nbsp;info@christ.deRegistergericht: Amtsgericht Hagen HRB 3996USt.-ID: DE205499794 ServicenummerTel. 0800 &#8211; 1863 300Erreichbarkeit: Mo-Sa 9-18 h Europ\u00e4ische Online-Streitbeilegungs-Plattform Ab dem 15. Februar 2016 stellt die EU-Kommission eine Plattform f\u00fcr au\u00dfergerichtliche Streitschlichtung bereit. Verbrauchern gibt dies [&hellip;]<\/p>\n","protected":false},"author":19,"featured_media":0,"parent":0,"menu_order":0,"comment_status":"closed","ping_status":"closed","template":"","meta":{"_acf_changed":false,"footnotes":""},"class_list":["post-3804","page","type-page","status-publish","hentry"],"acf":[],"_links":{"self":[{"href":"https:\/\/www.christ-corporate.com\/en\/wp-json\/wp\/v2\/pages\/3804","targetHints":{"allow":["GET"]}}],"collection":[{"href":"https:\/\/www.christ-corporate.com\/en\/wp-json\/wp\/v2\/pages"}],"about":[{"href":"https:\/\/www.christ-corporate.com\/en\/wp-json\/wp\/v2\/types\/page"}],"author":[{"embeddable":true,"href":"https:\/\/www.christ-corporate.com\/en\/wp-json\/wp\/v2\/users\/19"}],"replies":[{"embeddable":true,"href":"https:\/\/www.christ-corporate.com\/en\/wp-json\/wp\/v2\/comments?post=3804"}],"version-history":[{"count":6,"href":"https:\/\/www.christ-corporate.com\/en\/wp-json\/wp\/v2\/pages\/3804\/revisions"}],"predecessor-version":[{"id":7009,"href":"https:\/\/www.christ-corporate.com\/en\/wp-json\/wp\/v2\/pages\/3804\/revisions\/7009"}],"wp:attachment":[{"href":"https:\/\/www.christ-corporate.com\/en\/wp-json\/wp\/v2\/media?parent=3804"}],"curies":[{"name":"wp","href":"https:\/\/api.w.org\/{rel}","templated":true}]}}